{"id":7550,"date":"2016-03-05T09:59:04","date_gmt":"2016-03-05T07:59:04","guid":{"rendered":"http:\/\/www.porschefreunde-bergischesland.de\/?page_id=7550"},"modified":"2020-12-16T19:47:03","modified_gmt":"2020-12-16T17:47:03","slug":"2016-2","status":"publish","type":"page","link":"https:\/\/www.porschefreunde-bergischesland.de\/index.php\/der-stammtisch\/2016-2\/","title":{"rendered":"2016"},"content":{"rendered":"<h1><strong>Unsere Aktivit\u00e4ten 2016<p><\/p>\n<\/strong><p><strong><\/strong><\/p><\/h1>\n\n\n<h2 class=\"wp-block-heading\">Saisonabschlusstour Belgien \/ Spa<\/h2>\n\n\n\nngg_shortcode_0_placeholder\n\n\n\n<h2 class=\"wp-block-heading\">Ausfahrt Sauerland 16.10.2016<\/h2>\n\n\n\nngg_shortcode_1_placeholder\n\n\n\n<h2 class=\"wp-block-heading\">Hecktriebler Treffen Cafe 477 17.09.2016<\/h2>\n\n\n\nngg_shortcode_2_placeholder\n\n\n\n<h2 class=\"wp-block-heading\">Porschetreffen Spectacoolair <br><br>Porschefreunde Bergisches Land meets Porscheclub N\u00fcrburgring<br> 03.09.2016<\/h2>\n\n\n\nngg_shortcode_3_placeholder\n\n\n\n<h2 class=\"wp-block-heading\">Trackday N\u00fcrburgring 1.9.2016<\/h2>\n\n\n\nngg_shortcode_4_placeholder\n\n\n\n<h2 class=\"wp-block-heading\">Porsche &#8222;Kaffeeklatsch&#8220; am Adverdunkshof  7.8.2016<\/h2>\n\n\n\nngg_shortcode_5_placeholder\n\n\n\n<h2 class=\"wp-block-heading\">Treffen luftgek\u00fchlter Porsche auf Zeche Ewald 07.2016<\/h2>\n\n\n\nngg_shortcode_6_placeholder\n\n\n\n<h2 class=\"wp-block-heading\">Werk I Sportwagentreffen in Merzbr\u00fcck 25.6.2016<\/h2>\n\n\n\nngg_shortcode_7_placeholder\n\n\n\n<h2 class=\"wp-block-heading\">Transaxle Day im Porsche Museum 22.05.2016<\/h2>\n\n\n\nngg_shortcode_8_placeholder\n\n\n\n<h2 class=\"wp-block-heading\">Puur Porschetreffen Aquabest NL 22.5.2016<\/h2>\n\n\n\nngg_shortcode_9_placeholder\n\n\n\n<h2 class=\"wp-block-heading\">Gro\u00dfe Seen-Tour 8.5.2016<\/h2>\n\n\n\nngg_shortcode_10_placeholder\n\n\n\n<h2 class=\"wp-block-heading\">3.Fuchsfelgentreffen Flugplatz Meinerzhagen 5.5.2016<\/h2>\n\n\n\nngg_shortcode_11_placeholder\n\n\n\n<h2 class=\"wp-block-heading\">Classic Day im PZ Recklinghausen 16.04.2016<\/h2>\n\n\n\nngg_shortcode_12_placeholder\n\n\n\n<h2 class=\"wp-block-heading\">Saisonauftakt Westerwald 12.03.2016<\/h2>\n\n\n\n<p>Zur ersten Ausfahrt ging`s p\u00fcnktlich um 10.30 Uhr los! \u00dcber Meinerzhagen f\u00fchrte die Strecke \u00fcber Drolshagen im Sauerland hin ins Siegerland \u00fcber traumhafte Strecken mit reichlich Kurvenfeeling. Kurze Zeit sp\u00e4ter befanden wir uns schon im Westerwald und das erste Etappenziel war Wissen, denn dort war in einem netten Restaurant ein Tisch f\u00fcr uns reserviert. Die Auswahl erwies sich als goldrichtig, denn Speisen und Preise passten sehr gut.<\/p>\n\n\n\n<p>W\u00e4hrend des Aufenthaltes dort hatte es sich eine Katze auf einem der 911 Cabrios bequem gemacht, daher tr\u00e4gt dieses Cabrio nun den Namen \u201eAngora-Cabrio\u201c. An der Scuderia Eleven vorbei fuhren wir dann entlang der Sieg bis kurz vor Hennef, dort drehten wir dann wieder in Richtung Bergisches Land ab. In Neukirchen kehrten wir nochmal zu Kaffee und Kuchen ein und die kurvenreiche R\u00fcckfahrt endete am sp\u00e4ten Nachmittag in Engelskirchen. Ein rundum gelungener Saisonauftakt!<\/p>\n\n\n\nngg_shortcode_13_placeholder\n\n\n\n<h2 class=\"wp-block-heading\">Besichtigung EschmannTextures 27.02.2016<\/h2>\n\n\n\n<p>Eine au\u00dfergew\u00f6hnliche Besichtigung an einem strahlend sch\u00f6nen Wintertag fand bei EschmannTextures statt. Durch den Besuch bei Eschmann Textures und die dortige Demonstration der aufwendigen Technik, das erforderliche Know How um die aufwendige Fertigungsweise die Oberfl\u00e4chenstruktur zu gestalten, war beeindruckend. Daniel konnte in allen Bereichen mit einem sehr guten Wissen aufwarten und verstand es auch die Zusammenh\u00e4nge allgemeinverst\u00e4ndlich zu erkl\u00e4ren. Nun wissen die Teilnehmer, wie Werkzeuge der Autofirmen bearbeitet werden, damit im Fahrzeug die Oberfl\u00e4chenveredelung eingebracht werden kann.<\/p>\n\n\n\n<p>Auf die Besichtigung folgte ein leckeres Mittagessenn in der nahegelegenen Pizzeria und in kleiner Gruppe eine sch\u00f6ne Ausfahrt bei Traumwetter.<\/p>\n\n\n\nngg_shortcode_14_placeholder\n","protected":false},"excerpt":{"rendered":"<p>Unsere Aktivit\u00e4ten 2016 Saisonabschlusstour Belgien \/ Spa Ausfahrt Sauerland 16.10.2016 Hecktriebler Treffen Cafe 477 17.09.2016 Porschetreffen Spectacoolair Porschefreunde Bergisches Land meets Porscheclub N\u00fcrburgring 03.09.2016 Trackday N\u00fcrburgring 1.9.2016 Porsche &#8222;Kaffeeklatsch&#8220; am Adverdunkshof 7.8.2016 Treffen luftgek\u00fchlter Porsche auf Zeche Ewald 07.2016 Werk &hellip; <a href=\"https:\/\/www.porschefreunde-bergischesland.de\/index.php\/der-stammtisch\/2016-2\/\">Weiterlesen <span class=\"meta-nav\">&rarr;<\/span><\/a><\/p>\n","protected":false},"author":3,"featured_media":0,"parent":56,"menu_order":0,"comment_status":"closed","ping_status":"closed","template":"","meta":{"ngg_post_thumbnail":0,"footnotes":""},"class_list":["post-7550","page","type-page","status-publish","hentry"],"_links":{"self":[{"href":"https:\/\/www.porschefreunde-bergischesland.de\/index.php\/wp-json\/wp\/v2\/pages\/7550","targetHints":{"allow":["GET"]}}],"collection":[{"href":"https:\/\/www.porschefreunde-bergischesland.de\/index.php\/wp-json\/wp\/v2\/pages"}],"about":[{"href":"https:\/\/www.porschefreunde-bergischesland.de\/index.php\/wp-json\/wp\/v2\/types\/page"}],"author":[{"embeddable":true,"href":"https:\/\/www.porschefreunde-bergischesland.de\/index.php\/wp-json\/wp\/v2\/users\/3"}],"replies":[{"embeddable":true,"href":"https:\/\/www.porschefreunde-bergischesland.de\/index.php\/wp-json\/wp\/v2\/comments?post=7550"}],"version-history":[{"count":44,"href":"https:\/\/www.porschefreunde-bergischesland.de\/index.php\/wp-json\/wp\/v2\/pages\/7550\/revisions"}],"predecessor-version":[{"id":18706,"href":"https:\/\/www.porschefreunde-bergischesland.de\/index.php\/wp-json\/wp\/v2\/pages\/7550\/revisions\/18706"}],"up":[{"embeddable":true,"href":"https:\/\/www.porschefreunde-bergischesland.de\/index.php\/wp-json\/wp\/v2\/pages\/56"}],"wp:attachment":[{"href":"https:\/\/www.porschefreunde-bergischesland.de\/index.php\/wp-json\/wp\/v2\/media?parent=7550"}],"curies":[{"name":"wp","href":"https:\/\/api.w.org\/{rel}","templated":true}]}}