{"id":20744,"date":"2024-01-14T14:07:59","date_gmt":"2024-01-14T12:07:59","guid":{"rendered":"https:\/\/www.porschefreunde-bergischesland.de\/?page_id=20744"},"modified":"2024-10-27T11:30:48","modified_gmt":"2024-10-27T09:30:48","slug":"2024-2","status":"publish","type":"page","link":"https:\/\/www.porschefreunde-bergischesland.de\/index.php\/der-stammtisch\/2024-2\/","title":{"rendered":"2024"},"content":{"rendered":"\n<h2 class=\"wp-block-heading\">Herbstausfahrt<\/h2>\n\n\n\nngg_shortcode_0_placeholder\n\n\n\n<h2 class=\"wp-block-heading\">Route des Grandes Alpes<\/h2>\n\n\n\nngg_shortcode_1_placeholder\n\n\n\n<h2 class=\"wp-block-heading\">Ausfahrt zum Porschetreffen der Porschefreunde Saar-Mosel 31.8.-1.9.2024<\/h2>\n\n\n\n<figure class=\"wp-block-embed is-type-video is-provider-youtube wp-block-embed-youtube wp-embed-aspect-4-3 wp-has-aspect-ratio\"><div class=\"wp-block-embed__wrapper\">\n<iframe loading=\"lazy\" title=\"Ausfahrt zum Porschetreffen der Porschefreunde Saar-Mosel in Saarlouis\" width=\"584\" height=\"438\" src=\"https:\/\/www.youtube.com\/embed\/dNnxdlRgmWY?feature=oembed\" frameborder=\"0\" allow=\"accelerometer; autoplay; clipboard-write; encrypted-media; gyroscope; picture-in-picture; web-share\" referrerpolicy=\"strict-origin-when-cross-origin\" allowfullscreen><\/iframe>\n<\/div><\/figure>\n\n\n\nngg_shortcode_2_placeholder\n\n\n\n<h2 class=\"wp-block-heading\">Oldtimer Grand Prix N\u00fcrburgring 10.08.2024<\/h2>\n\n\n\nngg_shortcode_3_placeholder\n\n\n\n<h2 class=\"wp-block-heading\">Ausfahrt zum PZ Gelderland &#8211; gr\u00f6\u00dfte Porschesammlung Europas 20.07.2024<\/h2>\n\n\n\nngg_shortcode_4_placeholder\n\n\n\n<h2 class=\"wp-block-heading\">PUUR Porschetreffen Kalkar 14.07.2024<\/h2>\n\n\n\nngg_shortcode_5_placeholder\n\n\n\n<h2 class=\"wp-block-heading\">Oldtimer Rallye 1000 Kurven Oberberg des RGO 13.07.2024<\/h2>\n\n\n\nngg_shortcode_6_placeholder\n\n\n\n<h2 class=\"wp-block-heading\">02.06.2024 &#8211; Classic K\u00f6ln<\/h2>\n\n\n\nngg_shortcode_7_placeholder\n\n\n\n<h2 class=\"wp-block-heading\">01.06.2024 &#8211; 24h &#8211; Rennen N\u00fcrburgring <\/h2>\n\n\n\nngg_shortcode_8_placeholder\n\n\n\n<h2 class=\"wp-block-heading\">19.05.2024 &#8211; Ausfahrt zur Rallye N\u00fcmbrecht<\/h2>\n\n\n\nngg_shortcode_9_placeholder\n\n\n\n<h2 class=\"wp-block-heading\">05.05.2024 &#8211; Youngtimer Zeche Ewald <\/h2>\n\n\n\nngg_shortcode_10_placeholder\n\n\n\n<h2 class=\"wp-block-heading\">Internationaler Clubday 1.Mai Dinslaken &#8211; Tribute to Ingo<\/h2>\n\n\n\nngg_shortcode_11_placeholder\n\n\n\n<h2 class=\"wp-block-heading\">14.04.2024 &#8211; Ausfahrt Porsche Days Spa Francorchamps<\/h2>\n\n\n\n<figure class=\"wp-block-embed is-type-video is-provider-youtube wp-block-embed-youtube wp-embed-aspect-4-3 wp-has-aspect-ratio\"><div class=\"wp-block-embed__wrapper\">\n<iframe loading=\"lazy\" title=\"Ausfahrt Porsche Days Spa Francorchamps\" width=\"584\" height=\"438\" src=\"https:\/\/www.youtube.com\/embed\/GepuSHh5LMA?feature=oembed\" frameborder=\"0\" allow=\"accelerometer; autoplay; clipboard-write; encrypted-media; gyroscope; picture-in-picture; web-share\" referrerpolicy=\"strict-origin-when-cross-origin\" allowfullscreen><\/iframe>\n<\/div><\/figure>\n\n\n\nngg_shortcode_12_placeholder\n\n\n\n<h2 class=\"wp-block-heading\">07.04.2024 &#8211; Ausfahrt Nationales Automuseum The Loh Collection<\/h2>\n\n\n\n<figure class=\"wp-block-embed is-type-video is-provider-youtube wp-block-embed-youtube wp-embed-aspect-4-3 wp-has-aspect-ratio\"><div class=\"wp-block-embed__wrapper\">\n<iframe loading=\"lazy\" title=\"Ausfahrt Nationales Automuseum The Loh Collection\" width=\"584\" height=\"438\" src=\"https:\/\/www.youtube.com\/embed\/lA7AZY3oTGo?feature=oembed\" frameborder=\"0\" allow=\"accelerometer; autoplay; clipboard-write; encrypted-media; gyroscope; picture-in-picture; web-share\" referrerpolicy=\"strict-origin-when-cross-origin\" allowfullscreen><\/iframe>\n<\/div><\/figure>\n\n\n\nngg_shortcode_13_placeholder\n\n\n\n<h2 class=\"wp-block-heading\">17.03.2024 &#8211; Oldtimertreff Attendorn<\/h2>\n\n\n\nngg_shortcode_14_placeholder\n\n\n\n<h2 class=\"wp-block-heading\">03.03.2024 &#8211; Oldtimertreff Hilgen mit kleiner Ausfahrt<\/h2>\n\n\n\nngg_shortcode_15_placeholder\n\n\n\n<h2 class=\"wp-block-heading\">28.01.2024 &#8211; Rhein und Westerwald<\/h2>\n\n\n\nngg_shortcode_16_placeholder\n","protected":false},"excerpt":{"rendered":"<p>Herbstausfahrt Route des Grandes Alpes Ausfahrt zum Porschetreffen der Porschefreunde Saar-Mosel 31.8.-1.9.2024 Oldtimer Grand Prix N\u00fcrburgring 10.08.2024 Ausfahrt zum PZ Gelderland &#8211; gr\u00f6\u00dfte Porschesammlung Europas 20.07.2024 PUUR Porschetreffen Kalkar 14.07.2024 Oldtimer Rallye 1000 Kurven Oberberg des RGO 13.07.2024 02.06.2024 &#8211; &hellip; <a href=\"https:\/\/www.porschefreunde-bergischesland.de\/index.php\/der-stammtisch\/2024-2\/\">Weiterlesen <span class=\"meta-nav\">&rarr;<\/span><\/a><\/p>\n","protected":false},"author":3,"featured_media":0,"parent":56,"menu_order":0,"comment_status":"closed","ping_status":"closed","template":"","meta":{"ngg_post_thumbnail":0,"footnotes":""},"class_list":["post-20744","page","type-page","status-publish","hentry"],"_links":{"self":[{"href":"https:\/\/www.porschefreunde-bergischesland.de\/index.php\/wp-json\/wp\/v2\/pages\/20744","targetHints":{"allow":["GET"]}}],"collection":[{"href":"https:\/\/www.porschefreunde-bergischesland.de\/index.php\/wp-json\/wp\/v2\/pages"}],"about":[{"href":"https:\/\/www.porschefreunde-bergischesland.de\/index.php\/wp-json\/wp\/v2\/types\/page"}],"author":[{"embeddable":true,"href":"https:\/\/www.porschefreunde-bergischesland.de\/index.php\/wp-json\/wp\/v2\/users\/3"}],"replies":[{"embeddable":true,"href":"https:\/\/www.porschefreunde-bergischesland.de\/index.php\/wp-json\/wp\/v2\/comments?post=20744"}],"version-history":[{"count":36,"href":"https:\/\/www.porschefreunde-bergischesland.de\/index.php\/wp-json\/wp\/v2\/pages\/20744\/revisions"}],"predecessor-version":[{"id":21773,"href":"https:\/\/www.porschefreunde-bergischesland.de\/index.php\/wp-json\/wp\/v2\/pages\/20744\/revisions\/21773"}],"up":[{"embeddable":true,"href":"https:\/\/www.porschefreunde-bergischesland.de\/index.php\/wp-json\/wp\/v2\/pages\/56"}],"wp:attachment":[{"href":"https:\/\/www.porschefreunde-bergischesland.de\/index.php\/wp-json\/wp\/v2\/media?parent=20744"}],"curies":[{"name":"wp","href":"https:\/\/api.w.org\/{rel}","templated":true}]}}