{"id":19281,"date":"2022-04-22T18:45:04","date_gmt":"2022-04-22T16:45:04","guid":{"rendered":"https:\/\/www.porschefreunde-bergischesland.de\/?page_id=19281"},"modified":"2022-10-20T20:23:49","modified_gmt":"2022-10-20T18:23:49","slug":"2022-2","status":"publish","type":"page","link":"https:\/\/www.porschefreunde-bergischesland.de\/index.php\/der-stammtisch\/2022-2\/","title":{"rendered":"2022"},"content":{"rendered":"<h1><strong>Unsere Aktivit\u00e4ten 2022<p><\/p>\n<\/strong><p><strong><\/strong><\/p><\/h1>\n\n\n<h2 class=\"wp-block-heading\">Unser Jubil\u00e4um 10 Jahre Stammtischlokal Piya Pronto<\/h2>\n\n\n\nngg_shortcode_0_placeholder\n\n\n\n<h2 class=\"wp-block-heading\">60 Jahre Kremer Racing<\/h2>\n\n\n\n<p>E &amp; M Kremer GmbH \/ Kremer Racing &#8211; 1962 &#8211; 2022 &#8230; und die Erfolgsstory geht weiter ..<br>Margret und Eberhard Baunach luden mit Ihrer Mannschaft zum bestens organisierten Firmenjubil\u00e4um ein. Dort traf sich alles aus der Porscheszene, was Rang und Namen hat, insbesomdere die Porsche Clubs und Gemeinschaften aus dem Umkreis +\/~200 km. <br>Kremer Racing hat bewiesen, dass sie nicht nur im Rennsport gut sind, sie setzen auf vielf\u00e4ltige T\u00e4tigkeiten wie Karosseriearbeiten, Wartungen, Reparaturen an alten und neuen Porschefahrzeugen vor den Toren K\u00f6lns.<\/p>\n\n\n\nngg_shortcode_1_placeholder\n\n\n\n<h2 class=\"wp-block-heading\">Ausfahrt und Besichtigung &#8222;Das Triebwerk&#8220;<\/h2>\n\n\n\n<p>Unser Ausflug f\u00fchrte uns am 10.9.2022 zu einem au\u00dfergew\u00f6hnlichen Eventwerk, &#8222;Das Triebwerk DTW Germany&#8220;. Hier ist die pure Leidenschaft zu luftgek\u00fchlten VW- und Porschefahrzeugen zu sp\u00fcren. <\/p>\n\n\n\n<p>Christian Wilms, Inhaber dieser Manufaktur empfing und f\u00fchrte uns durch die etwas andere &#8222;Werkstatt&#8220;. Hier gibt es keine Umbauten oder Restaurierungen von der Stange, hier wird fundiertes Wissen gepaart mit Know-How sp\u00fcrbar. So werden hier eigene Motor- und Getriebekomponenten entwickelt, Programme geschrieben und auf CNC-gesteuerten Bearbeitungsmaschinen hergestellt. Hier wird wenig aus dem Regal entnommen, vielmehr ist es das T\u00fcfteln und Optimieren von Bauteilen, die letztendlch besser funktionieren als Originalteile. Perfekte Umsetzung von Leistungssteigerung verpackt in klassischem Look mit modernster Technik. Mit rund 50 Teilnehmern durften wir einen wunderbaren und hochinteressanten Tag erleben. Sicherlich werden wir noch viel vom Traumwerk \/ Triebwerk sehen und h\u00f6ren!<\/p>\n\n\n\n<p><strong><a rel=\"noreferrer noopener\" href=\"https:\/\/www.dastriebwerk.com\/\" target=\"_blank\">www.dastriebwerk.com<\/a><\/strong><\/p>\n\n\n\nngg_shortcode_2_placeholder\n\n\n\n<h2 class=\"wp-block-heading\">Rebbelroth Classic 2022<\/h2>\n\n\n\nngg_shortcode_3_placeholder\n\n\n\n<h2 class=\"wp-block-heading\">Stammtischbesuch Porschefreunde PLZ 5<\/h2>\n\n\n\nngg_shortcode_4_placeholder\n\n\n\n<h2 class=\"wp-block-heading\">Onassis &#8222;The Factory&#8220; Wermelskirchen 2022<\/h2>\n\n\n\nngg_shortcode_5_placeholder\n\n\n\n<h2 class=\"wp-block-heading\">Alpen- und P\u00e4ssetour August 2022<\/h2>\n\n\n\nngg_shortcode_6_placeholder\n\n\n\n<h2 class=\"wp-block-heading\">Ausfahrt Oberbergisches Land 03.07.2022<\/h2>\n\n\n\nngg_shortcode_7_placeholder\n\n\n\n<h2 class=\"wp-block-heading\">7.Fuchsfelgentreffen Meinerzhagen<\/h2>\n\n\n\nngg_shortcode_8_placeholder\n\n\n\n<h2 class=\"wp-block-heading\">Classic K\u00f6ln 2022<\/h2>\n\n\n\nngg_shortcode_9_placeholder\n\n\n\n<h2 class=\"wp-block-heading\">Porschetreffen 1.Mai Dinslaken<\/h2>\n\n\n\nngg_shortcode_10_placeholder\n\n\n\n<h2 class=\"wp-block-heading\">Ausfahrt zum Oldtimertreffen Freudenberg<\/h2>\n\n\n\nngg_shortcode_11_placeholder\n\n\n\n<p><\/p>\n\n\n\n<h2 class=\"wp-block-heading\">Ausfahrt zu zweit ins Sauerland<\/h2>\n\n\n\nngg_shortcode_12_placeholder\n\n\n\n<p><\/p>\n\n\n\n<h2 class=\"wp-block-heading\">10 Jahre Stammtischfeier mit Freunden<\/h2>\n\n\n\nngg_shortcode_13_placeholder\n\n\n\n<p><\/p>\n","protected":false},"excerpt":{"rendered":"<p>Unsere Aktivit\u00e4ten 2022 Unser Jubil\u00e4um 10 Jahre Stammtischlokal Piya Pronto 60 Jahre Kremer Racing E &amp; M Kremer GmbH \/ Kremer Racing &#8211; 1962 &#8211; 2022 &#8230; und die Erfolgsstory geht weiter ..Margret und Eberhard Baunach luden mit Ihrer Mannschaft &hellip; <a href=\"https:\/\/www.porschefreunde-bergischesland.de\/index.php\/der-stammtisch\/2022-2\/\">Weiterlesen <span class=\"meta-nav\">&rarr;<\/span><\/a><\/p>\n","protected":false},"author":3,"featured_media":0,"parent":56,"menu_order":0,"comment_status":"closed","ping_status":"closed","template":"","meta":{"ngg_post_thumbnail":0,"footnotes":""},"class_list":["post-19281","page","type-page","status-publish","hentry"],"_links":{"self":[{"href":"https:\/\/www.porschefreunde-bergischesland.de\/index.php\/wp-json\/wp\/v2\/pages\/19281","targetHints":{"allow":["GET"]}}],"collection":[{"href":"https:\/\/www.porschefreunde-bergischesland.de\/index.php\/wp-json\/wp\/v2\/pages"}],"about":[{"href":"https:\/\/www.porschefreunde-bergischesland.de\/index.php\/wp-json\/wp\/v2\/types\/page"}],"author":[{"embeddable":true,"href":"https:\/\/www.porschefreunde-bergischesland.de\/index.php\/wp-json\/wp\/v2\/users\/3"}],"replies":[{"embeddable":true,"href":"https:\/\/www.porschefreunde-bergischesland.de\/index.php\/wp-json\/wp\/v2\/comments?post=19281"}],"version-history":[{"count":30,"href":"https:\/\/www.porschefreunde-bergischesland.de\/index.php\/wp-json\/wp\/v2\/pages\/19281\/revisions"}],"predecessor-version":[{"id":19861,"href":"https:\/\/www.porschefreunde-bergischesland.de\/index.php\/wp-json\/wp\/v2\/pages\/19281\/revisions\/19861"}],"up":[{"embeddable":true,"href":"https:\/\/www.porschefreunde-bergischesland.de\/index.php\/wp-json\/wp\/v2\/pages\/56"}],"wp:attachment":[{"href":"https:\/\/www.porschefreunde-bergischesland.de\/index.php\/wp-json\/wp\/v2\/media?parent=19281"}],"curies":[{"name":"wp","href":"https:\/\/api.w.org\/{rel}","templated":true}]}}