{"id":15820,"date":"2019-01-27T11:11:48","date_gmt":"2019-01-27T09:11:48","guid":{"rendered":"https:\/\/www.porschefreunde-bergischesland.de\/?page_id=15820"},"modified":"2025-04-09T14:15:16","modified_gmt":"2025-04-09T12:15:16","slug":"2019-2","status":"publish","type":"page","link":"https:\/\/www.porschefreunde-bergischesland.de\/index.php\/2019-2\/","title":{"rendered":"2019"},"content":{"rendered":"<h1><strong>Unsere Aktivit\u00e4ten 2019<\/strong><\/h1>\n<p><strong>&nbsp;<\/strong><\/p>\n<p><iframe loading=\"lazy\" title=\"22. Oktober 2019\" width=\"584\" height=\"438\" src=\"https:\/\/www.youtube.com\/embed\/CgY6hC8YnJA?feature=oembed\" frameborder=\"0\" allow=\"accelerometer; autoplay; clipboard-write; encrypted-media; gyroscope; picture-in-picture; web-share\" referrerpolicy=\"strict-origin-when-cross-origin\" allowfullscreen><\/iframe><\/p>\n<p>&nbsp;&nbsp;&nbsp;&nbsp;&nbsp;&nbsp;&nbsp;&nbsp;&nbsp;&nbsp;&nbsp;&nbsp;&nbsp;&nbsp;&nbsp;&nbsp;&nbsp;&nbsp;&nbsp;&nbsp;&nbsp;&nbsp;&nbsp;&nbsp;&nbsp;&nbsp;&nbsp;&nbsp;&nbsp;&nbsp;&nbsp;&nbsp;&nbsp;&nbsp;&nbsp;&nbsp;&nbsp;&nbsp;&nbsp;&nbsp;&nbsp;&nbsp;&nbsp;&nbsp;&nbsp;&nbsp;&nbsp;&nbsp;&nbsp;&nbsp;&nbsp;&nbsp;&nbsp;<\/p>\n<p><strong>Saison-Abschlussfahrt &#8222;Schwarzwald-Breisgau-Schw\u00e4bische Alb&#8220;<\/strong><\/p>\n\n\nngg_shortcode_0_placeholder\n\n\n\n<p>                                 <strong>Pflege-Workshop Petzoldt + Krieg<\/strong><\/p>\n\n\n\nngg_shortcode_1_placeholder\n\n\n\n<h2 class=\"wp-block-heading\">Besuch des Stammtischs der Porschefreunde PLZ 5<\/h2>\n\n\n\nngg_shortcode_2_placeholder\n\n\n\n<h2 class=\"wp-block-heading\">Frankentour meets R\u00f6hn, die R\u00f6hn ist wundersch\u00f6n!<\/h2>\n\n\n\nngg_shortcode_3_placeholder\n\n\n\n<h2 class=\"wp-block-heading\">Ausfahrt zum Porschetreffen am Schloss Bad Arolsen<\/h2>\n\n\n\nngg_shortcode_4_placeholder\n\n\n\n<p><strong>6.Fuchsfelgentreffen Flugplatz Meinerzhagen<\/strong><\/p>\n\n\n\nngg_shortcode_5_placeholder\n\n\n\n<p><strong>Tour durchs Bergisches Land 18.05.2019<\/strong><\/p>\n\n\n\nngg_shortcode_6_placeholder\n\n\n\n<p><strong>Saisonauftakt 17.02.2019 durch das Oberbergische Land<\/strong><\/p>\n\n\n\nngg_shortcode_7_placeholder\n","protected":false},"excerpt":{"rendered":"<p>Unsere Aktivit\u00e4ten 2019 &nbsp; &nbsp;&nbsp;&nbsp;&nbsp;&nbsp;&nbsp;&nbsp;&nbsp;&nbsp;&nbsp;&nbsp;&nbsp;&nbsp;&nbsp;&nbsp;&nbsp;&nbsp;&nbsp;&nbsp;&nbsp;&nbsp;&nbsp;&nbsp;&nbsp;&nbsp;&nbsp;&nbsp;&nbsp;&nbsp;&nbsp;&nbsp;&nbsp;&nbsp;&nbsp;&nbsp;&nbsp;&nbsp;&nbsp;&nbsp;&nbsp;&nbsp;&nbsp;&nbsp;&nbsp;&nbsp;&nbsp;&nbsp;&nbsp;&nbsp;&nbsp;&nbsp;&nbsp;&nbsp; Saison-Abschlussfahrt &#8222;Schwarzwald-Breisgau-Schw\u00e4bische Alb&#8220; Pflege-Workshop Petzoldt + Krieg Besuch des Stammtischs der Porschefreunde PLZ 5 Frankentour meets R\u00f6hn, die R\u00f6hn ist wundersch\u00f6n! Ausfahrt zum Porschetreffen am Schloss Bad Arolsen 6.Fuchsfelgentreffen Flugplatz Meinerzhagen Tour durchs Bergisches Land &hellip; <a href=\"https:\/\/www.porschefreunde-bergischesland.de\/index.php\/2019-2\/\">Weiterlesen <span class=\"meta-nav\">&rarr;<\/span><\/a><\/p>\n","protected":false},"author":1,"featured_media":0,"parent":0,"menu_order":0,"comment_status":"closed","ping_status":"closed","template":"","meta":{"ngg_post_thumbnail":0,"footnotes":""},"class_list":["post-15820","page","type-page","status-publish","hentry"],"_links":{"self":[{"href":"https:\/\/www.porschefreunde-bergischesland.de\/index.php\/wp-json\/wp\/v2\/pages\/15820","targetHints":{"allow":["GET"]}}],"collection":[{"href":"https:\/\/www.porschefreunde-bergischesland.de\/index.php\/wp-json\/wp\/v2\/pages"}],"about":[{"href":"https:\/\/www.porschefreunde-bergischesland.de\/index.php\/wp-json\/wp\/v2\/types\/page"}],"author":[{"embeddable":true,"href":"https:\/\/www.porschefreunde-bergischesland.de\/index.php\/wp-json\/wp\/v2\/users\/1"}],"replies":[{"embeddable":true,"href":"https:\/\/www.porschefreunde-bergischesland.de\/index.php\/wp-json\/wp\/v2\/comments?post=15820"}],"version-history":[{"count":30,"href":"https:\/\/www.porschefreunde-bergischesland.de\/index.php\/wp-json\/wp\/v2\/pages\/15820\/revisions"}],"predecessor-version":[{"id":18123,"href":"https:\/\/www.porschefreunde-bergischesland.de\/index.php\/wp-json\/wp\/v2\/pages\/15820\/revisions\/18123"}],"wp:attachment":[{"href":"https:\/\/www.porschefreunde-bergischesland.de\/index.php\/wp-json\/wp\/v2\/media?parent=15820"}],"curies":[{"name":"wp","href":"https:\/\/api.w.org\/{rel}","templated":true}]}}