{"id":14011,"date":"2018-01-16T20:39:24","date_gmt":"2018-01-16T18:39:24","guid":{"rendered":"http:\/\/www.porschefreunde-bergischesland.de\/?page_id=14011"},"modified":"2023-06-23T17:52:57","modified_gmt":"2023-06-23T15:52:57","slug":"2018-2","status":"publish","type":"page","link":"https:\/\/www.porschefreunde-bergischesland.de\/index.php\/der-stammtisch\/2018-2\/","title":{"rendered":"2018"},"content":{"rendered":"<h1><strong>Unsere Aktivit\u00e4ten 2018<\/strong><\/h1>\n<p>&nbsp;<\/p>\n\n\n<h2 class=\"wp-block-heading\"><strong>Saison-Abschlusstour &#8222;Schw\u00e4bische Toscana<\/strong>&#8222;<\/h2>\n\n\n\nngg_shortcode_0_placeholder\n\n\n\n<h2 class=\"wp-block-heading\"><strong>Ausfahrt mit Besuch bei Seeberger-Motorsport<\/strong><\/h2>\n\n\n\nngg_shortcode_1_placeholder\n\n\n\n<h2 class=\"wp-block-heading\"><strong>Besichtigung Fertigung Otto-Fuchs KG<\/strong><\/h2>\n\n\n\n<p>Am 15.September trafen wir uns auf dem Sch\u00fctzenplatz in Meinerzhagen mit rund 20 Fahrzeugen und 33 Teilnehmern. Von dort aus ging es in Kolonne zur Fa. Otto-Fuchs KG. Nach einer Unternehmenspr\u00e4sentation und einer kleinen St\u00e4rkung f\u00fchrten uns Fuchsmitarbeiter durch die Fertigung von Flugzeugkomponenten und Felgenfertigung. Ein sehr interessanter Tag mit vielen Eindr\u00fccken<\/p>\n\n\n\nngg_shortcode_2_placeholder\n\n\n\n<h2 class=\"wp-block-heading\">A<strong>usfahrt zum Bilster Berg und TrackDay<\/strong><\/h2>\n\n\n\nngg_shortcode_3_placeholder\n\n\n\n<h2 class=\"wp-block-heading\">Bensberg Sportcars Classic <\/h2>\n\n\n\nngg_shortcode_4_placeholder\n\n\n\n<h2 class=\"wp-block-heading\"><strong>Ausfahrt mit Spanferkelessen<\/strong><\/h2>\n\n\n\nngg_shortcode_5_placeholder\n\n\n\n<h2 class=\"wp-block-heading\"><strong>11.Porsche Frankentour<\/strong><\/h2>\n\n\n\nngg_shortcode_6_placeholder\n\n\n\n<h2 class=\"wp-block-heading\"><strong>Jubil\u00e4um &#8211; 75. Stammtisch Porschefreunde Bergisches Land<\/strong><\/h2>\n\n\n\nngg_shortcode_7_placeholder\n\n\n\n<h2 class=\"wp-block-heading\"><strong>&nbsp;Classic&nbsp; Day Porschezentrum Recklinghausen 9.6.2018<\/strong><\/h2>\n\n\n\nngg_shortcode_8_placeholder\n\n\n\n<h2 class=\"wp-block-heading\"><strong>Porschefreunde Bergisches Land bei der 24h Classic 2018<\/strong><\/h2>\n\n\n\nngg_shortcode_9_placeholder\n\n\n\n<h2 class=\"wp-block-heading\"><strong>5.Fuchsfelgentreffen 2018<\/strong><\/h2>\n\n\n\nngg_shortcode_10_placeholder\n\n\n\n<h2 class=\"wp-block-heading\"><strong>1.Mai Dinslaken 2018<\/strong><\/h2>\n\n\n\nngg_shortcode_11_placeholder\n\n\n\n<h2 class=\"wp-block-heading\"><strong>Trackday Bilster Berg 15.04.2018<\/strong><\/h2>\n\n\n\nngg_shortcode_12_placeholder\n\n\n\n<h2 class=\"wp-block-heading\"><strong>Saisonauftakt &#8211; Ausfahrt durch das Sauerland<\/strong><\/h2>\n\n\n\nngg_shortcode_13_placeholder\n\n\n\n<h2 class=\"wp-block-heading\">Januarausfahrt Westerwald<\/h2>\n\n\n\nngg_shortcode_14_placeholder\n","protected":false},"excerpt":{"rendered":"<p>Unsere Aktivit\u00e4ten 2018 &nbsp; Saison-Abschlusstour &#8222;Schw\u00e4bische Toscana&#8222; Ausfahrt mit Besuch bei Seeberger-Motorsport Besichtigung Fertigung Otto-Fuchs KG Am 15.September trafen wir uns auf dem Sch\u00fctzenplatz in Meinerzhagen mit rund 20 Fahrzeugen und 33 Teilnehmern. Von dort aus ging es in Kolonne &hellip; <a href=\"https:\/\/www.porschefreunde-bergischesland.de\/index.php\/der-stammtisch\/2018-2\/\">Weiterlesen <span class=\"meta-nav\">&rarr;<\/span><\/a><\/p>\n","protected":false},"author":2,"featured_media":0,"parent":56,"menu_order":0,"comment_status":"closed","ping_status":"closed","template":"","meta":{"ngg_post_thumbnail":0,"footnotes":""},"class_list":["post-14011","page","type-page","status-publish","hentry"],"_links":{"self":[{"href":"https:\/\/www.porschefreunde-bergischesland.de\/index.php\/wp-json\/wp\/v2\/pages\/14011","targetHints":{"allow":["GET"]}}],"collection":[{"href":"https:\/\/www.porschefreunde-bergischesland.de\/index.php\/wp-json\/wp\/v2\/pages"}],"about":[{"href":"https:\/\/www.porschefreunde-bergischesland.de\/index.php\/wp-json\/wp\/v2\/types\/page"}],"author":[{"embeddable":true,"href":"https:\/\/www.porschefreunde-bergischesland.de\/index.php\/wp-json\/wp\/v2\/users\/2"}],"replies":[{"embeddable":true,"href":"https:\/\/www.porschefreunde-bergischesland.de\/index.php\/wp-json\/wp\/v2\/comments?post=14011"}],"version-history":[{"count":52,"href":"https:\/\/www.porschefreunde-bergischesland.de\/index.php\/wp-json\/wp\/v2\/pages\/14011\/revisions"}],"predecessor-version":[{"id":18466,"href":"https:\/\/www.porschefreunde-bergischesland.de\/index.php\/wp-json\/wp\/v2\/pages\/14011\/revisions\/18466"}],"up":[{"embeddable":true,"href":"https:\/\/www.porschefreunde-bergischesland.de\/index.php\/wp-json\/wp\/v2\/pages\/56"}],"wp:attachment":[{"href":"https:\/\/www.porschefreunde-bergischesland.de\/index.php\/wp-json\/wp\/v2\/media?parent=14011"}],"curies":[{"name":"wp","href":"https:\/\/api.w.org\/{rel}","templated":true}]}}