{"id":10534,"date":"2017-03-13T13:02:32","date_gmt":"2017-03-13T11:02:32","guid":{"rendered":"http:\/\/www.porschefreunde-bergischesland.de\/?page_id=10534"},"modified":"2020-12-16T18:37:17","modified_gmt":"2020-12-16T16:37:17","slug":"2017-2","status":"publish","type":"page","link":"https:\/\/www.porschefreunde-bergischesland.de\/index.php\/der-stammtisch\/2017-2\/","title":{"rendered":"2017"},"content":{"rendered":"\n<h2 class=\"wp-block-heading\">Unsere Aktivit\u00e4ten 2017<\/h2>\n\n\n\n\n\n<h2 class=\"wp-block-heading\"><strong>Saisonabschlu\u00dffahrt Elsass <\/strong><br><strong>19.10 &#8211; 22.10.2017<\/strong><\/h2>\n\n\n\n<p>Die wohl sch\u00f6neste Tour in knapp 6 Jahren (abgesehen von der Gardaseetour) haben wir als Saisonabschlu\u00df \u00fcber 4 Tage in den Elsass gemacht. Angefangen in Koblenz ging es die Mosel bis Wintrich herauf und von dort aus durch die Pfalz bis Bad Bergzabern. Bei traumhaften Wetter und sehr gut gelaunten Teilnehmern fuhren wir ab dem 2. Tag in Frankreich die Weinstra\u00dfe nach Strassburg und Colmar. In einem der sch\u00f6nsten Orte Frankreichs, in Eguisheim \u00fcbernachteten wir dann und ab dem 3.Tag ging es in die Vogesen. Bei gef\u00fchlten 1500 Kurven hatten alle Fahrer ein Grinsen im Gesicht und so ging es am 4. Tag weiter, bevor wir dann mittags den Heimweg antraten. Wir haben tolle Strecken gefahren, die vorher akribisch geplant waren, wir haben hervorragend gegessen und eine unvergessliche Reise mit knapp 1400 km genossen. Das ist Wiederholungswert!<\/p>\n\n\n\nngg_shortcode_0_placeholder\n\n\n\n<h2 class=\"wp-block-heading\">Herbstausfahrt im Bergischen und Sauerland<\/h2>\n\n\n\nngg_shortcode_1_placeholder\n\n\n\n<h2 class=\"wp-block-heading\">Saisonabschlu\u00dffinale der Porschefreunde &#8211; B\u00f6hler-Areal D\u00fcsseldorf<\/h2>\n\n\n\nngg_shortcode_2_placeholder\n\n\n\n<h2 class=\"wp-block-heading\">Ausfahrt ins Sauerland zu Ulla+Lello<\/h2>\n\n\n\nngg_shortcode_3_placeholder\n\n\n\n<h2 class=\"wp-block-heading\">6. Lauf VLN bei Kremer Racing<\/h2>\n\n\n\nngg_shortcode_4_placeholder\n\n\n\n<h2 class=\"wp-block-heading\">Ernte- (Porsche) paar 2017 <br>Sigrid und Werner<\/h2>\n\n\n\nngg_shortcode_5_placeholder\n\n\n\n<h2 class=\"wp-block-heading\">Wir feiern 5 Jahre <br>Porschefreunde Bergisches Land<\/h2>\n\n\n\n<p>Ja, nun gibt es uns seit M\u00e4rz schon 5 Jahre lang! Das wollten wir entsprechend feiern.<br>Dazu trafen wir uns mit 30 Porschefreunden in einem der sch\u00f6nsten Winkel des Oberbergischen Landes mit unseren Fahrzeugen. Der Weg \u00fcber verwinkelte, kleine Stra\u00dfen zauberte uns bereits am fr\u00fchen Morgen ein L\u00e4cheln ins Gesicht. Da wir uns f\u00fcr das reichhaltige Mittagessen entsprechend Appetit holen wollten, wanderten wir erstmal f\u00fcr ca 2 Stunden \u00fcber Stock und Stein, bevor dann der Gaumenschmaus in Form eines knusprigen Spanferkels schon auf uns wartete.<br>Danach war ein wenig Mu\u00dfe angesagt, bevor wir dann ein kleines Fotoshooting unserer Fahrzeuge vornahmen. Bei bestem Wetter ein sehr sch\u00f6ner und kurzweiliger Tag, den alle Beteiligten sehr genossen.<\/p>\n\n\n\nngg_shortcode_6_placeholder\n\n\n\n<h2 class=\"wp-block-heading\">10.Porsche Frankentour<\/h2>\n\n\n\nngg_shortcode_7_placeholder\n\n\n\n<h2 class=\"wp-block-heading\">2.Racetrack Training Bilster Berg <br>9.6.2017<\/h2>\n\n\n\nngg_shortcode_8_placeholder\n\n\n\n<h2 class=\"wp-block-heading\">Puur Porschetreffen Aquabest NL<\/h2>\n\n\n\nngg_shortcode_9_placeholder\n\n\n\n<h2 class=\"wp-block-heading\">4.Fuchsfelgentreffen Meinerzhagen<\/h2>\n\n\n\nngg_shortcode_10_placeholder\n\n\n\n<h2 class=\"wp-block-heading\">1.Mai Clubday Dinslaken<\/h2>\n\n\n\nngg_shortcode_11_placeholder\n\n\n\n<h2 class=\"wp-block-heading\">Besuch bei Panhorst-Classics G\u00fctersloh<\/h2>\n\n\n\nngg_shortcode_12_placeholder\n\n\n\n<h2 class=\"wp-block-heading\">Porschetreffen am Cafe 477<\/h2>\n\n\n\nngg_shortcode_13_placeholder\n\n\n\n<h2 class=\"wp-block-heading\">Techno Clasica Essen 2017<\/h2>\n\n\n\nngg_shortcode_14_placeholder\n\n\n\n<h2 class=\"wp-block-heading\">Warm Up Motorworld K\u00f6ln<\/h2>\n\n\n\nngg_shortcode_15_placeholder\n\n\n\n<h2 class=\"wp-block-heading\">Classic Day am PZ Recklinghausen <\/h2>\n\n\n\nngg_shortcode_16_placeholder\n\n\n\n<h2 class=\"wp-block-heading\">2.Ausfahrt NRW, Hessen, Rheinland Pfalz 03.2017<\/h2>\n\n\n\nngg_shortcode_17_placeholder\n\n\n\n<h2 class=\"wp-block-heading\">Besichtigung 9FF in Dortmund 18.03.2017<\/h2>\n\n\n\nngg_shortcode_18_placeholder\n\n\n\n<h2 class=\"wp-block-heading\">Racetrack Training Bilster Berg 17.03.2017<\/h2>\n\n\n\nngg_shortcode_19_placeholder\n\n\n\n<h2 class=\"wp-block-heading\">Saisonauftakt 2017 &#8211; Bergisches Land und Westerwald<\/h2>\n\n\n\nngg_shortcode_20_placeholder\n","protected":false},"excerpt":{"rendered":"<p>Unsere Aktivit\u00e4ten 2017 Saisonabschlu\u00dffahrt Elsass 19.10 &#8211; 22.10.2017 Die wohl sch\u00f6neste Tour in knapp 6 Jahren (abgesehen von der Gardaseetour) haben wir als Saisonabschlu\u00df \u00fcber 4 Tage in den Elsass gemacht. Angefangen in Koblenz ging es die Mosel bis Wintrich &hellip; <a href=\"https:\/\/www.porschefreunde-bergischesland.de\/index.php\/der-stammtisch\/2017-2\/\">Weiterlesen <span class=\"meta-nav\">&rarr;<\/span><\/a><\/p>\n","protected":false},"author":3,"featured_media":0,"parent":56,"menu_order":0,"comment_status":"closed","ping_status":"closed","template":"","meta":{"ngg_post_thumbnail":0,"footnotes":""},"class_list":["post-10534","page","type-page","status-publish","hentry"],"_links":{"self":[{"href":"https:\/\/www.porschefreunde-bergischesland.de\/index.php\/wp-json\/wp\/v2\/pages\/10534","targetHints":{"allow":["GET"]}}],"collection":[{"href":"https:\/\/www.porschefreunde-bergischesland.de\/index.php\/wp-json\/wp\/v2\/pages"}],"about":[{"href":"https:\/\/www.porschefreunde-bergischesland.de\/index.php\/wp-json\/wp\/v2\/types\/page"}],"author":[{"embeddable":true,"href":"https:\/\/www.porschefreunde-bergischesland.de\/index.php\/wp-json\/wp\/v2\/users\/3"}],"replies":[{"embeddable":true,"href":"https:\/\/www.porschefreunde-bergischesland.de\/index.php\/wp-json\/wp\/v2\/comments?post=10534"}],"version-history":[{"count":85,"href":"https:\/\/www.porschefreunde-bergischesland.de\/index.php\/wp-json\/wp\/v2\/pages\/10534\/revisions"}],"predecessor-version":[{"id":18635,"href":"https:\/\/www.porschefreunde-bergischesland.de\/index.php\/wp-json\/wp\/v2\/pages\/10534\/revisions\/18635"}],"up":[{"embeddable":true,"href":"https:\/\/www.porschefreunde-bergischesland.de\/index.php\/wp-json\/wp\/v2\/pages\/56"}],"wp:attachment":[{"href":"https:\/\/www.porschefreunde-bergischesland.de\/index.php\/wp-json\/wp\/v2\/media?parent=10534"}],"curies":[{"name":"wp","href":"https:\/\/api.w.org\/{rel}","templated":true}]}}